{"id":493,"date":"2021-12-07T17:37:09","date_gmt":"2021-12-07T16:37:09","guid":{"rendered":"https:\/\/www.hlwest.at\/replay\/?page_id=493"},"modified":"2025-01-23T13:11:55","modified_gmt":"2025-01-23T12:11:55","slug":"jobboerse","status":"publish","type":"page","link":"https:\/\/www.hlwest.at\/replay\/jobboerse\/","title":{"rendered":"Jobb\u00f6rse"},"content":{"rendered":"\t\t<div data-elementor-type=\"wp-page\" data-elementor-id=\"493\" class=\"elementor elementor-493\">\n\t\t\t\t\t\t<section class=\"elementor-section elementor-top-section elementor-element elementor-element-5bb863e elementor-section-boxed elementor-section-height-default elementor-section-height-default\" data-id=\"5bb863e\" data-element_type=\"section\">\n\t\t\t\t\t\t<div class=\"elementor-container elementor-column-gap-default\">\n\t\t\t\t\t<div class=\"elementor-column elementor-col-33 elementor-top-column elementor-element elementor-element-b335c89\" data-id=\"b335c89\" data-element_type=\"column\">\n\t\t\t<div class=\"elementor-widget-wrap elementor-element-populated\">\n\t\t\t\t\t\t<div class=\"elementor-element elementor-element-adc2dbe elementor-widget elementor-widget-image\" data-id=\"adc2dbe\" data-element_type=\"widget\" data-widget_type=\"image.default\">\n\t\t\t\t<div class=\"elementor-widget-container\">\n\t\t\t\t\t\t\t\t\t\t\t\t\t\t\t\t<a href=\"https:\/\/www.hlwest.at\/replay\/wp-content\/uploads\/2025\/01\/Probenadministrator_in_Kundenkontaktzentrum-m_w_d.pdf\" target=\"_blank\">\n\t\t\t\t\t\t\t<img decoding=\"async\" width=\"192\" height=\"103\" src=\"https:\/\/www.hlwest.at\/replay\/wp-content\/uploads\/2025\/01\/Ages.png\" class=\"attachment-large size-large wp-image-1181\" alt=\"\" \/>\t\t\t\t\t\t\t\t<\/a>\n\t\t\t\t\t\t\t\t\t\t\t\t\t\t\t<\/div>\n\t\t\t\t<\/div>\n\t\t\t\t\t<\/div>\n\t\t<\/div>\n\t\t\t\t<div class=\"elementor-column elementor-col-66 elementor-top-column elementor-element elementor-element-0064963\" data-id=\"0064963\" data-element_type=\"column\">\n\t\t\t<div class=\"elementor-widget-wrap elementor-element-populated\">\n\t\t\t\t\t\t<div class=\"elementor-element elementor-element-bc95402 elementor-widget elementor-widget-heading\" data-id=\"bc95402\" data-element_type=\"widget\" data-widget_type=\"heading.default\">\n\t\t\t\t<div class=\"elementor-widget-container\">\n\t\t\t\t\t<h2 class=\"elementor-heading-title elementor-size-default\"><a href=\"https:\/\/www.hlwest.at\/replay\/wp-content\/uploads\/2025\/01\/Probenadministrator_in_Kundenkontaktzentrum-m_w_d.pdf\" target=\"_blank\">Probenadministrator:in\/Kundenkontaktzentrum (m\/w\/d)<\/a><\/h2>\t\t\t\t<\/div>\n\t\t\t\t<\/div>\n\t\t\t\t<div class=\"elementor-element elementor-element-1321235 elementor-widget elementor-widget-heading\" data-id=\"1321235\" data-element_type=\"widget\" data-widget_type=\"heading.default\">\n\t\t\t\t<div class=\"elementor-widget-container\">\n\t\t\t\t\t<h5 class=\"elementor-heading-title elementor-size-default\"><a href=\"https:\/\/www.hlwest.at\/replay\/wp-content\/uploads\/2025\/01\/Probenadministrator_in_Kundenkontaktzentrum-m_w_d.pdf\" target=\"_blank\">Hier findest du die vollst\u00e4ndige Stellenausschreibung. <\/a><\/h5>\t\t\t\t<\/div>\n\t\t\t\t<\/div>\n\t\t\t\t<div class=\"elementor-element elementor-element-b35e083 elementor-widget elementor-widget-text-editor\" data-id=\"b35e083\" data-element_type=\"widget\" data-widget_type=\"text-editor.default\">\n\t\t\t\t<div class=\"elementor-widget-container\">\n\t\t\t\t\t\t\t\t\t<p>ver\u00f6ffentlicht im J\u00e4nner 2025<\/p>\t\t\t\t\t\t\t\t<\/div>\n\t\t\t\t<\/div>\n\t\t\t\t\t<\/div>\n\t\t<\/div>\n\t\t\t\t\t<\/div>\n\t\t<\/section>\n\t\t\t\t<section class=\"elementor-section elementor-top-section elementor-element elementor-element-c8604d7 elementor-section-boxed elementor-section-height-default elementor-section-height-default\" data-id=\"c8604d7\" data-element_type=\"section\">\n\t\t\t\t\t\t<div class=\"elementor-container elementor-column-gap-default\">\n\t\t\t\t\t<div class=\"elementor-column elementor-col-33 elementor-top-column elementor-element elementor-element-9435646\" data-id=\"9435646\" data-element_type=\"column\">\n\t\t\t<div class=\"elementor-widget-wrap elementor-element-populated\">\n\t\t\t\t\t\t<div class=\"elementor-element elementor-element-215f9cf elementor-widget elementor-widget-image\" data-id=\"215f9cf\" data-element_type=\"widget\" data-widget_type=\"image.default\">\n\t\t\t\t<div class=\"elementor-widget-container\">\n\t\t\t\t\t\t\t\t\t\t\t\t\t\t\t\t<a href=\"https:\/\/www.hlwest.at\/replay\/wp-content\/uploads\/2024\/06\/Kundenbetreuerin-2024.pdf\" target=\"_blank\">\n\t\t\t\t\t\t\t<img fetchpriority=\"high\" decoding=\"async\" width=\"821\" height=\"303\" src=\"https:\/\/www.hlwest.at\/replay\/wp-content\/uploads\/2022\/04\/waldhart_software-1024x378.png\" class=\"attachment-large size-large wp-image-603\" alt=\"\" srcset=\"https:\/\/www.hlwest.at\/replay\/wp-content\/uploads\/2022\/04\/waldhart_software-1024x378.png 1024w, https:\/\/www.hlwest.at\/replay\/wp-content\/uploads\/2022\/04\/waldhart_software-300x111.png 300w, https:\/\/www.hlwest.at\/replay\/wp-content\/uploads\/2022\/04\/waldhart_software-768x283.png 768w, https:\/\/www.hlwest.at\/replay\/wp-content\/uploads\/2022\/04\/waldhart_software.png 1502w\" sizes=\"(max-width: 821px) 100vw, 821px\" \/>\t\t\t\t\t\t\t\t<\/a>\n\t\t\t\t\t\t\t\t\t\t\t\t\t\t\t<\/div>\n\t\t\t\t<\/div>\n\t\t\t\t\t<\/div>\n\t\t<\/div>\n\t\t\t\t<div class=\"elementor-column elementor-col-66 elementor-top-column elementor-element elementor-element-dc0eead\" data-id=\"dc0eead\" data-element_type=\"column\">\n\t\t\t<div class=\"elementor-widget-wrap elementor-element-populated\">\n\t\t\t\t\t\t<div class=\"elementor-element elementor-element-68672b2 elementor-widget elementor-widget-heading\" data-id=\"68672b2\" data-element_type=\"widget\" data-widget_type=\"heading.default\">\n\t\t\t\t<div class=\"elementor-widget-container\">\n\t\t\t\t\t<h2 class=\"elementor-heading-title elementor-size-default\"><a href=\"https:\/\/www.hlwest.at\/replay\/wp-content\/uploads\/2024\/06\/Kundenbetreuerin-2024.pdf\" target=\"_blank\">Kundenbetreuer:in<\/a><\/h2>\t\t\t\t<\/div>\n\t\t\t\t<\/div>\n\t\t\t\t<div class=\"elementor-element elementor-element-95e0a04 elementor-widget elementor-widget-heading\" data-id=\"95e0a04\" data-element_type=\"widget\" data-widget_type=\"heading.default\">\n\t\t\t\t<div class=\"elementor-widget-container\">\n\t\t\t\t\t<h5 class=\"elementor-heading-title elementor-size-default\"><a href=\"https:\/\/www.hlwest.at\/replay\/wp-content\/uploads\/2024\/06\/Kundenbetreuerin-2024.pdf\" target=\"_blank\">Hier findest du die vollst\u00e4ndige Stellenausschreibung. <\/a><\/h5>\t\t\t\t<\/div>\n\t\t\t\t<\/div>\n\t\t\t\t<div class=\"elementor-element elementor-element-c5f91a7 elementor-widget elementor-widget-text-editor\" data-id=\"c5f91a7\" data-element_type=\"widget\" data-widget_type=\"text-editor.default\">\n\t\t\t\t<div class=\"elementor-widget-container\">\n\t\t\t\t\t\t\t\t\t<p>ver\u00f6ffentlicht im Juni 2024<\/p>\t\t\t\t\t\t\t\t<\/div>\n\t\t\t\t<\/div>\n\t\t\t\t\t<\/div>\n\t\t<\/div>\n\t\t\t\t\t<\/div>\n\t\t<\/section>\n\t\t\t\t<section class=\"elementor-section elementor-top-section elementor-element elementor-element-26e51ed elementor-section-boxed elementor-section-height-default elementor-section-height-default\" data-id=\"26e51ed\" data-element_type=\"section\">\n\t\t\t\t\t\t<div class=\"elementor-container elementor-column-gap-default\">\n\t\t\t\t\t<div class=\"elementor-column elementor-col-100 elementor-top-column elementor-element elementor-element-accd66d\" data-id=\"accd66d\" data-element_type=\"column\">\n\t\t\t<div class=\"elementor-widget-wrap elementor-element-populated\">\n\t\t\t\t\t\t<div class=\"elementor-element elementor-element-1aac612 elementor-widget-divider--view-line elementor-widget elementor-widget-divider\" data-id=\"1aac612\" data-element_type=\"widget\" data-widget_type=\"divider.default\">\n\t\t\t\t<div class=\"elementor-widget-container\">\n\t\t\t\t\t\t\t<div class=\"elementor-divider\">\n\t\t\t<span class=\"elementor-divider-separator\">\n\t\t\t\t\t\t<\/span>\n\t\t<\/div>\n\t\t\t\t\t\t<\/div>\n\t\t\t\t<\/div>\n\t\t\t\t\t<\/div>\n\t\t<\/div>\n\t\t\t\t\t<\/div>\n\t\t<\/section>\n\t\t\t\t<section class=\"elementor-section elementor-top-section elementor-element elementor-element-3025dc8 elementor-section-boxed elementor-section-height-default elementor-section-height-default\" data-id=\"3025dc8\" data-element_type=\"section\">\n\t\t\t\t\t\t<div class=\"elementor-container elementor-column-gap-default\">\n\t\t\t\t\t<div class=\"elementor-column elementor-col-100 elementor-top-column elementor-element elementor-element-adb5a9e\" data-id=\"adb5a9e\" data-element_type=\"column\">\n\t\t\t<div class=\"elementor-widget-wrap elementor-element-populated\">\n\t\t\t\t\t\t<div class=\"elementor-element elementor-element-d89d4a8 elementor-widget-divider--view-line elementor-widget elementor-widget-divider\" data-id=\"d89d4a8\" data-element_type=\"widget\" data-widget_type=\"divider.default\">\n\t\t\t\t<div class=\"elementor-widget-container\">\n\t\t\t\t\t\t\t<div class=\"elementor-divider\">\n\t\t\t<span class=\"elementor-divider-separator\">\n\t\t\t\t\t\t<\/span>\n\t\t<\/div>\n\t\t\t\t\t\t<\/div>\n\t\t\t\t<\/div>\n\t\t\t\t\t<\/div>\n\t\t<\/div>\n\t\t\t\t\t<\/div>\n\t\t<\/section>\n\t\t\t\t<\/div>\n\t\t","protected":false},"excerpt":{"rendered":"<p>Probenadministrator:in\/Kundenkontaktzentrum (m\/w\/d) Hier findest du die vollst\u00e4ndige Stellenausschreibung. ver\u00f6ffentlicht im J\u00e4nner 2025 Kundenbetreuer:in Hier findest du die vollst\u00e4ndige Stellenausschreibung. ver\u00f6ffentlicht im Juni 2024<\/p>\n","protected":false},"author":60,"featured_media":0,"parent":0,"menu_order":0,"comment_status":"closed","ping_status":"closed","template":"","meta":{"footnotes":""},"class_list":["post-493","page","type-page","status-publish","hentry"],"yoast_head":"<!-- This site is optimized with the Yoast SEO plugin v25.8 - https:\/\/yoast.com\/wordpress\/plugins\/seo\/ -->\n<title>Jobb\u00f6rse - Replay<\/title>\n<meta name=\"robots\" content=\"index, follow, max-snippet:-1, max-image-preview:large, max-video-preview:-1\" \/>\n<link rel=\"canonical\" href=\"https:\/\/www.hlwest.at\/replay\/jobboerse\/\" \/>\n<meta property=\"og:locale\" content=\"de_DE\" \/>\n<meta property=\"og:type\" content=\"article\" \/>\n<meta property=\"og:title\" content=\"Jobb\u00f6rse - Replay\" \/>\n<meta property=\"og:description\" content=\"Probenadministrator:in\/Kundenkontaktzentrum (m\/w\/d) Hier findest du die vollst\u00e4ndige Stellenausschreibung. ver\u00f6ffentlicht im J\u00e4nner 2025 Kundenbetreuer:in Hier findest du die vollst\u00e4ndige Stellenausschreibung. ver\u00f6ffentlicht im Juni 2024\" \/>\n<meta property=\"og:url\" content=\"https:\/\/www.hlwest.at\/replay\/jobboerse\/\" \/>\n<meta property=\"og:site_name\" content=\"Replay\" \/>\n<meta property=\"article:modified_time\" content=\"2025-01-23T12:11:55+00:00\" \/>\n<meta property=\"og:image\" content=\"https:\/\/www.hlwest.at\/replay\/wp-content\/uploads\/2025\/01\/Ages.png\" \/>\n\t<meta property=\"og:image:width\" content=\"192\" \/>\n\t<meta property=\"og:image:height\" content=\"103\" \/>\n\t<meta property=\"og:image:type\" content=\"image\/png\" \/>\n<meta name=\"twitter:card\" content=\"summary_large_image\" \/>\n<meta name=\"twitter:label1\" content=\"Gesch\u00e4tzte Lesezeit\" \/>\n\t<meta name=\"twitter:data1\" content=\"1\u00a0Minute\" \/>\n<script type=\"application\/ld+json\" class=\"yoast-schema-graph\">{\"@context\":\"https:\/\/schema.org\",\"@graph\":[{\"@type\":\"WebPage\",\"@id\":\"https:\/\/www.hlwest.at\/replay\/jobboerse\/\",\"url\":\"https:\/\/www.hlwest.at\/replay\/jobboerse\/\",\"name\":\"Jobb\u00f6rse - Replay\",\"isPartOf\":{\"@id\":\"https:\/\/www.hlwest.at\/replay\/#website\"},\"primaryImageOfPage\":{\"@id\":\"https:\/\/www.hlwest.at\/replay\/jobboerse\/#primaryimage\"},\"image\":{\"@id\":\"https:\/\/www.hlwest.at\/replay\/jobboerse\/#primaryimage\"},\"thumbnailUrl\":\"https:\/\/www.hlwest.at\/replay\/wp-content\/uploads\/2025\/01\/Ages.png\",\"datePublished\":\"2021-12-07T16:37:09+00:00\",\"dateModified\":\"2025-01-23T12:11:55+00:00\",\"breadcrumb\":{\"@id\":\"https:\/\/www.hlwest.at\/replay\/jobboerse\/#breadcrumb\"},\"inLanguage\":\"de\",\"potentialAction\":[{\"@type\":\"ReadAction\",\"target\":[\"https:\/\/www.hlwest.at\/replay\/jobboerse\/\"]}]},{\"@type\":\"ImageObject\",\"inLanguage\":\"de\",\"@id\":\"https:\/\/www.hlwest.at\/replay\/jobboerse\/#primaryimage\",\"url\":\"https:\/\/www.hlwest.at\/replay\/wp-content\/uploads\/2025\/01\/Ages.png\",\"contentUrl\":\"https:\/\/www.hlwest.at\/replay\/wp-content\/uploads\/2025\/01\/Ages.png\",\"width\":192,\"height\":103},{\"@type\":\"BreadcrumbList\",\"@id\":\"https:\/\/www.hlwest.at\/replay\/jobboerse\/#breadcrumb\",\"itemListElement\":[{\"@type\":\"ListItem\",\"position\":1,\"name\":\"Startseite\",\"item\":\"https:\/\/www.hlwest.at\/replay\/\"},{\"@type\":\"ListItem\",\"position\":2,\"name\":\"Jobb\u00f6rse\"}]},{\"@type\":\"WebSite\",\"@id\":\"https:\/\/www.hlwest.at\/replay\/#website\",\"url\":\"https:\/\/www.hlwest.at\/replay\/\",\"name\":\"Replay\",\"description\":\"past - today - replay\",\"publisher\":{\"@id\":\"https:\/\/www.hlwest.at\/replay\/#organization\"},\"potentialAction\":[{\"@type\":\"SearchAction\",\"target\":{\"@type\":\"EntryPoint\",\"urlTemplate\":\"https:\/\/www.hlwest.at\/replay\/?s={search_term_string}\"},\"query-input\":{\"@type\":\"PropertyValueSpecification\",\"valueRequired\":true,\"valueName\":\"search_term_string\"}}],\"inLanguage\":\"de\"},{\"@type\":\"Organization\",\"@id\":\"https:\/\/www.hlwest.at\/replay\/#organization\",\"name\":\"Replay\",\"url\":\"https:\/\/www.hlwest.at\/replay\/\",\"logo\":{\"@type\":\"ImageObject\",\"inLanguage\":\"de\",\"@id\":\"https:\/\/www.hlwest.at\/replay\/#\/schema\/logo\/image\/\",\"url\":\"https:\/\/www.hlwest.at\/replay\/wp-content\/uploads\/2019\/04\/cropped-thumbnail.png\",\"contentUrl\":\"https:\/\/www.hlwest.at\/replay\/wp-content\/uploads\/2019\/04\/cropped-thumbnail.png\",\"width\":310,\"height\":254,\"caption\":\"Replay\"},\"image\":{\"@id\":\"https:\/\/www.hlwest.at\/replay\/#\/schema\/logo\/image\/\"}}]}<\/script>\n<!-- \/ Yoast SEO plugin. -->","yoast_head_json":{"title":"Jobb\u00f6rse - Replay","robots":{"index":"index","follow":"follow","max-snippet":"max-snippet:-1","max-image-preview":"max-image-preview:large","max-video-preview":"max-video-preview:-1"},"canonical":"https:\/\/www.hlwest.at\/replay\/jobboerse\/","og_locale":"de_DE","og_type":"article","og_title":"Jobb\u00f6rse - Replay","og_description":"Probenadministrator:in\/Kundenkontaktzentrum (m\/w\/d) Hier findest du die vollst\u00e4ndige Stellenausschreibung. ver\u00f6ffentlicht im J\u00e4nner 2025 Kundenbetreuer:in Hier findest du die vollst\u00e4ndige Stellenausschreibung. ver\u00f6ffentlicht im Juni 2024","og_url":"https:\/\/www.hlwest.at\/replay\/jobboerse\/","og_site_name":"Replay","article_modified_time":"2025-01-23T12:11:55+00:00","og_image":[{"width":192,"height":103,"url":"https:\/\/www.hlwest.at\/replay\/wp-content\/uploads\/2025\/01\/Ages.png","type":"image\/png"}],"twitter_card":"summary_large_image","twitter_misc":{"Gesch\u00e4tzte Lesezeit":"1\u00a0Minute"},"schema":{"@context":"https:\/\/schema.org","@graph":[{"@type":"WebPage","@id":"https:\/\/www.hlwest.at\/replay\/jobboerse\/","url":"https:\/\/www.hlwest.at\/replay\/jobboerse\/","name":"Jobb\u00f6rse - Replay","isPartOf":{"@id":"https:\/\/www.hlwest.at\/replay\/#website"},"primaryImageOfPage":{"@id":"https:\/\/www.hlwest.at\/replay\/jobboerse\/#primaryimage"},"image":{"@id":"https:\/\/www.hlwest.at\/replay\/jobboerse\/#primaryimage"},"thumbnailUrl":"https:\/\/www.hlwest.at\/replay\/wp-content\/uploads\/2025\/01\/Ages.png","datePublished":"2021-12-07T16:37:09+00:00","dateModified":"2025-01-23T12:11:55+00:00","breadcrumb":{"@id":"https:\/\/www.hlwest.at\/replay\/jobboerse\/#breadcrumb"},"inLanguage":"de","potentialAction":[{"@type":"ReadAction","target":["https:\/\/www.hlwest.at\/replay\/jobboerse\/"]}]},{"@type":"ImageObject","inLanguage":"de","@id":"https:\/\/www.hlwest.at\/replay\/jobboerse\/#primaryimage","url":"https:\/\/www.hlwest.at\/replay\/wp-content\/uploads\/2025\/01\/Ages.png","contentUrl":"https:\/\/www.hlwest.at\/replay\/wp-content\/uploads\/2025\/01\/Ages.png","width":192,"height":103},{"@type":"BreadcrumbList","@id":"https:\/\/www.hlwest.at\/replay\/jobboerse\/#breadcrumb","itemListElement":[{"@type":"ListItem","position":1,"name":"Startseite","item":"https:\/\/www.hlwest.at\/replay\/"},{"@type":"ListItem","position":2,"name":"Jobb\u00f6rse"}]},{"@type":"WebSite","@id":"https:\/\/www.hlwest.at\/replay\/#website","url":"https:\/\/www.hlwest.at\/replay\/","name":"Replay","description":"past - today - replay","publisher":{"@id":"https:\/\/www.hlwest.at\/replay\/#organization"},"potentialAction":[{"@type":"SearchAction","target":{"@type":"EntryPoint","urlTemplate":"https:\/\/www.hlwest.at\/replay\/?s={search_term_string}"},"query-input":{"@type":"PropertyValueSpecification","valueRequired":true,"valueName":"search_term_string"}}],"inLanguage":"de"},{"@type":"Organization","@id":"https:\/\/www.hlwest.at\/replay\/#organization","name":"Replay","url":"https:\/\/www.hlwest.at\/replay\/","logo":{"@type":"ImageObject","inLanguage":"de","@id":"https:\/\/www.hlwest.at\/replay\/#\/schema\/logo\/image\/","url":"https:\/\/www.hlwest.at\/replay\/wp-content\/uploads\/2019\/04\/cropped-thumbnail.png","contentUrl":"https:\/\/www.hlwest.at\/replay\/wp-content\/uploads\/2019\/04\/cropped-thumbnail.png","width":310,"height":254,"caption":"Replay"},"image":{"@id":"https:\/\/www.hlwest.at\/replay\/#\/schema\/logo\/image\/"}}]}},"_links":{"self":[{"href":"https:\/\/www.hlwest.at\/replay\/wp-json\/wp\/v2\/pages\/493","targetHints":{"allow":["GET"]}}],"collection":[{"href":"https:\/\/www.hlwest.at\/replay\/wp-json\/wp\/v2\/pages"}],"about":[{"href":"https:\/\/www.hlwest.at\/replay\/wp-json\/wp\/v2\/types\/page"}],"author":[{"embeddable":true,"href":"https:\/\/www.hlwest.at\/replay\/wp-json\/wp\/v2\/users\/60"}],"replies":[{"embeddable":true,"href":"https:\/\/www.hlwest.at\/replay\/wp-json\/wp\/v2\/comments?post=493"}],"version-history":[{"count":100,"href":"https:\/\/www.hlwest.at\/replay\/wp-json\/wp\/v2\/pages\/493\/revisions"}],"predecessor-version":[{"id":1186,"href":"https:\/\/www.hlwest.at\/replay\/wp-json\/wp\/v2\/pages\/493\/revisions\/1186"}],"wp:attachment":[{"href":"https:\/\/www.hlwest.at\/replay\/wp-json\/wp\/v2\/media?parent=493"}],"curies":[{"name":"wp","href":"https:\/\/api.w.org\/{rel}","templated":true}]}}